{"id":222,"date":"2024-03-01T02:15:38","date_gmt":"2024-03-01T01:15:38","guid":{"rendered":"https:\/\/stelmaszczyk.notarwebsite.de\/?page_id=222"},"modified":"2025-01-15T13:36:23","modified_gmt":"2025-01-15T12:36:23","slug":"impressum","status":"publish","type":"page","link":"https:\/\/notar-burscheid.de\/fr\/impressum\/","title":{"rendered":"Mentions l\u00e9gales"},"content":{"rendered":"<h1>\n\t\tMentions l\u00e9gales\n\t<\/h1>\n\t<p>Dr. Peter Stelmaszczyk, notaire<\/p>\n\n<h3>Donn\u00e9es de contact :<\/h3>\n<table id=\"CM1725f67540256b3a38dc2c2b\" width=\"359\">\n<tbody>\n<tr>\n<td>Adresse :<\/td>\n<td>Hauptstra\u00dfe 70, 51399 Burscheid<\/td>\n<\/tr>\n<tr>\n<td>T\u00e9l\u00e9phone :<\/td>\n<td>+49 2174 76560<\/td>\n<\/tr>\n<tr>\n<td>Fax :<\/td>\n<td>+49 2174 765626<\/td>\n<\/tr>\n<tr>\n<td>Courrier \u00e9lectronique :<\/td>\n<td><a href=\"mailto:info%40notar-burscheid.de?subject=Anfrage&amp;body=Sehr%20geehrte%20Damen%2C%20sehr%20geehrte%20Herren%2C\">info@notar-burscheid.de<\/a><\/td>\n<\/tr>\n<\/tbody>\n<\/table>\n\n<h3>Num\u00e9ro d'identification de la taxe sur le chiffre d'affaires :<\/h3>\n<p>FR 349 244 106<\/p>\n\n<h3>Responsable(s) des textes journalistiques et r\u00e9dactionnels :<\/h3>\n<p>Dr. Peter Stelmaszczyk<\/p>\n\n<h3>notaire \/ notaire :<\/h3>\n<p>Le titre l\u00e9gal de la profession\u00a0<strong>notaire \/ notaire<\/strong>\u00a0a \u00e9t\u00e9 octroy\u00e9 en R\u00e9publique f\u00e9d\u00e9rale d'Allemagne (Rh\u00e9nanie-du-Nord-Westphalie).<\/p>\n\n<h3>Chambre des notaires comp\u00e9tente :<\/h3>\n<table id=\"CM1725f675403ffb837a4c4748\">\n<tbody>\n<tr>\n<td>Rh\u00e9nane<br \/>\nChambre des notaires<\/td>\n\n<\/tr>\n<tr>\n<td>Adresse :<\/td>\n<td>Mur du ch\u00e2teau 53<br \/>\n50667 Cologne<\/td>\n<\/tr>\n<tr>\n<td>T\u00e9l\u00e9phone :<\/td>\n<td>0221\/2575291<\/td>\n<\/tr>\n<tr>\n<td>Fax :<\/td>\n<td>0221\/2575310<\/td>\n<\/tr>\n<tr>\n<td>Courrier \u00e9lectronique :<\/td>\n<td><a href=\"mailto:info%40rhnotk.de?subject=\">info@rhnotk.de<\/a><\/td>\n<\/tr>\n<tr>\n<td>Web :<\/td>\n<td><a href=\"http:\/\/www.rhnotk.de\/\" target=\"_blank\" rel=\"noopener\">http:\/\/www.rhnotk.de<\/a><\/td>\n<\/tr>\n<\/tbody>\n<\/table>\n\n<h3>Autorit\u00e9 de surveillance comp\u00e9tente :<\/h3>\n<p>Le pr\u00e9sident du tribunal de grande instance de Cologne<\/p>\nAdresse :<br \/>\nRue du Luxembourg 101<br \/>\n50939 Cologne\n<p>La profession\u00a0<strong>notaire \/ notaire<\/strong>\u00a0est soumis aux conditions d\u00e9crites dans\u00a0<a href=\"https:\/\/www.notar.de\/der-notar\/berufsrecht\" target=\"_blank\" rel=\"noopener\">https:\/\/www.notar.de\/der-notar\/berufsrecht<\/a>\u00a0les r\u00e8gles professionnelles mentionn\u00e9es.<\/p>\n\n<h3>Plate-forme de la Commission europ\u00e9enne pour le r\u00e8glement en ligne des litiges :<\/h3>\n<p><a href=\"http:\/\/www.ec.europa.eu\/consumers\/odr\" target=\"_blank\" rel=\"noopener\">www.ec.europa.eu\/consumers\/odr<\/a><\/p>\n<p>&nbsp;<\/p>","protected":false},"excerpt":{"rendered":"<p>Mentions l\u00e9gales Notaire Dr. Peter Stelmaszczyk Coordonn\u00e9es : Adresse : Hauptstra\u00dfe 70, 51399 Burscheid T\u00e9l\u00e9phone : +49 2174 76560 Fax : +49 2174 765626 E-mail : info@notar-burscheid.de Num\u00e9ro d'identification de la taxe sur la valeur ajout\u00e9e : DE 349 244 106 Responsable \/ responsable des textes journalistiques et r\u00e9dactionnels : Dr. Peter Stelmaszczyk Notaire : La d\u00e9signation professionnelle l\u00e9gale de notaire a \u00e9t\u00e9 attribu\u00e9e en R\u00e9publique f\u00e9d\u00e9rale d'Allemagne (Rh\u00e9nanie-du-Nord-Westphalie). Chambre des notaires comp\u00e9tente : Rheinische Notarkammer Adresse : Burgmauer...<\/p>","protected":false},"author":1,"featured_media":0,"parent":0,"menu_order":0,"comment_status":"closed","ping_status":"closed","template":"","meta":{"footnotes":""},"class_list":["post-222","page","type-page","status-publish","hentry"],"_links":{"self":[{"href":"https:\/\/notar-burscheid.de\/fr\/wp-json\/wp\/v2\/pages\/222","targetHints":{"allow":["GET"]}}],"collection":[{"href":"https:\/\/notar-burscheid.de\/fr\/wp-json\/wp\/v2\/pages"}],"about":[{"href":"https:\/\/notar-burscheid.de\/fr\/wp-json\/wp\/v2\/types\/page"}],"author":[{"embeddable":true,"href":"https:\/\/notar-burscheid.de\/fr\/wp-json\/wp\/v2\/users\/1"}],"replies":[{"embeddable":true,"href":"https:\/\/notar-burscheid.de\/fr\/wp-json\/wp\/v2\/comments?post=222"}],"version-history":[{"count":17,"href":"https:\/\/notar-burscheid.de\/fr\/wp-json\/wp\/v2\/pages\/222\/revisions"}],"predecessor-version":[{"id":1574,"href":"https:\/\/notar-burscheid.de\/fr\/wp-json\/wp\/v2\/pages\/222\/revisions\/1574"}],"wp:attachment":[{"href":"https:\/\/notar-burscheid.de\/fr\/wp-json\/wp\/v2\/media?parent=222"}],"curies":[{"name":"wp","href":"https:\/\/api.w.org\/{rel}","templated":true}]}}