{"id":120,"date":"2024-02-29T23:32:51","date_gmt":"2024-02-29T22:32:51","guid":{"rendered":"https:\/\/stelmaszczyk.notarwebsite.de\/?page_id=120"},"modified":"2024-08-13T22:51:51","modified_gmt":"2024-08-13T20:51:51","slug":"leistungen","status":"publish","type":"page","link":"https:\/\/notar-burscheid.de\/fr\/leistungen\/","title":{"rendered":"Prestations"},"content":{"rendered":"<h1>\n\t\tAper\u00e7u de nos services\n\t<\/h1>\n\t<p>Nous sommes \u00e0 votre disposition dans tous les domaines notariaux. Il s'agit souvent de choix importants dans votre vie. Nous vous accompagnons et vous conseillons volontiers afin que tout soit juridiquement irr\u00e9prochable et que vos souhaits pour l'avenir soient r\u00e9alis\u00e9s en toute s\u00e9curit\u00e9 juridique. Les pages suivantes vous permettront de vous faire une premi\u00e8re id\u00e9e de nos services. Nous pouvons volontiers discuter personnellement de tout le reste.<\/p>","protected":false},"excerpt":{"rendered":"<p>Aper\u00e7u de nos services Nous sommes \u00e0 votre disposition dans tous les domaines notariaux. Il s'agit souvent de choix importants dans votre vie. Nous vous accompagnons et vous conseillons volontiers pour que tout soit juridiquement irr\u00e9prochable et que vos souhaits pour l'avenir soient r\u00e9alis\u00e9s en toute s\u00e9curit\u00e9 juridique. Sur les pages suivantes, vous pouvez vous faire une premi\u00e8re impression de...<\/p>","protected":false},"author":1,"featured_media":0,"parent":0,"menu_order":0,"comment_status":"closed","ping_status":"closed","template":"","meta":{"footnotes":""},"class_list":["post-120","page","type-page","status-publish","hentry"],"_links":{"self":[{"href":"https:\/\/notar-burscheid.de\/fr\/wp-json\/wp\/v2\/pages\/120","targetHints":{"allow":["GET"]}}],"collection":[{"href":"https:\/\/notar-burscheid.de\/fr\/wp-json\/wp\/v2\/pages"}],"about":[{"href":"https:\/\/notar-burscheid.de\/fr\/wp-json\/wp\/v2\/types\/page"}],"author":[{"embeddable":true,"href":"https:\/\/notar-burscheid.de\/fr\/wp-json\/wp\/v2\/users\/1"}],"replies":[{"embeddable":true,"href":"https:\/\/notar-burscheid.de\/fr\/wp-json\/wp\/v2\/comments?post=120"}],"version-history":[{"count":28,"href":"https:\/\/notar-burscheid.de\/fr\/wp-json\/wp\/v2\/pages\/120\/revisions"}],"predecessor-version":[{"id":1481,"href":"https:\/\/notar-burscheid.de\/fr\/wp-json\/wp\/v2\/pages\/120\/revisions\/1481"}],"wp:attachment":[{"href":"https:\/\/notar-burscheid.de\/fr\/wp-json\/wp\/v2\/media?parent=120"}],"curies":[{"name":"wp","href":"https:\/\/api.w.org\/{rel}","templated":true}]}}